{"id":10325,"date":"2024-05-15T08:26:36","date_gmt":"2024-05-15T08:26:36","guid":{"rendered":"https:\/\/studioffm.it\/?page_id=10325"},"modified":"2024-10-24T16:16:47","modified_gmt":"2024-10-24T15:16:47","slug":"servizi","status":"publish","type":"page","link":"https:\/\/studioffm.it\/index.php\/servizi\/","title":{"rendered":"Servizi"},"content":{"rendered":"<div data-elementor-type=\"wp-page\" data-elementor-id=\"10325\" class=\"elementor elementor-10325\">\n\t\t\t\t\t\t<section class=\"elementor-section elementor-top-section elementor-element elementor-element-dc36d44 elementor-section-full_width qodef-elementor-content-grid elementor-section-height-default elementor-section-height-default\" data-id=\"dc36d44\" data-element_type=\"section\">\n\t\t\t\t\t\t<div class=\"elementor-container elementor-column-gap-default\">\n\t\t\t\t\t<div class=\"elementor-column elementor-col-33 elementor-top-column elementor-element elementor-element-29009b1\" data-id=\"29009b1\" data-element_type=\"column\">\n\t\t\t<div class=\"elementor-widget-wrap elementor-element-populated\">\n\t\t\t\t\t\t<section class=\"elementor-section elementor-inner-section elementor-element elementor-element-2e7835b elementor-section-boxed elementor-section-height-default elementor-section-height-default qodef-elementor-content-no\" data-id=\"2e7835b\" data-element_type=\"section\">\n\t\t\t\t\t\t<div class=\"elementor-container elementor-column-gap-default\">\n\t\t\t\t\t<div class=\"elementor-column elementor-col-100 elementor-inner-column elementor-element elementor-element-9445372\" data-id=\"9445372\" data-element_type=\"column\">\n\t\t\t<div class=\"elementor-widget-wrap elementor-element-populated\">\n\t\t\t\t\t\t<div class=\"elementor-element elementor-element-503d89d elementor-widget elementor-widget-halstein_core_single_image\" data-id=\"503d89d\" data-element_type=\"widget\" data-widget_type=\"halstein_core_single_image.default\">\n\t\t\t\t<div class=\"elementor-widget-container\">\n\t\t\t\t\t<div class=\"qodef-shortcode qodef-m  qodef-single-image qodef-layout--default     \">\n\t<div class=\"qodef-m-image \">\n\t\t\t\t<img decoding=\"async\" width=\"1\" height=\"290\" src=\"https:\/\/studioffm.it\/wp-content\/uploads\/2021\/10\/h1-img-014.png\" class=\"attachment-full size-full\" alt=\"t\" \/>\t\t\t<\/div>\n<\/div>\n\t\t\t\t<\/div>\n\t\t\t\t<\/div>\n\t\t\t\t\t<\/div>\n\t\t<\/div>\n\t\t\t\t\t<\/div>\n\t\t<\/section>\n\t\t\t\t\t<\/div>\n\t\t<\/div>\n\t\t\t\t<div class=\"elementor-column elementor-col-66 elementor-top-column elementor-element elementor-element-55a6172\" data-id=\"55a6172\" data-element_type=\"column\">\n\t\t\t<div class=\"elementor-widget-wrap elementor-element-populated\">\n\t\t\t\t\t\t<section class=\"elementor-section elementor-inner-section elementor-element elementor-element-4027888 elementor-section-full_width elementor-section-height-default elementor-section-height-default qodef-elementor-content-no\" data-id=\"4027888\" data-element_type=\"section\">\n\t\t\t\t\t\t<div class=\"elementor-container elementor-column-gap-default\">\n\t\t\t\t\t<div class=\"elementor-column elementor-col-100 elementor-inner-column elementor-element elementor-element-8f0ba53\" data-id=\"8f0ba53\" data-element_type=\"column\">\n\t\t\t<div class=\"elementor-widget-wrap elementor-element-populated\">\n\t\t\t\t\t\t<div class=\"elementor-element elementor-element-9c74d8a elementor-widget__width-initial elementor-widget elementor-widget-halstein_core_section_title\" data-id=\"9c74d8a\" data-element_type=\"widget\" data-widget_type=\"halstein_core_section_title.default\">\n\t\t\t\t<div class=\"elementor-widget-container\">\n\t\t\t\t\t<div class=\"qodef-shortcode qodef-m  qodef-section-title qodef-alignment--left  \">\n\t\t\t<h2 class=\"qodef-m-title\" >\n\t\t\t\t\tProteggiamo la tua propriet\u00e0, la tua <span class=\"qodef-highlight-text\" style=\"color: #B29063\">impresa, il<\/span> credito e i diritti familiari. Assicuriamo la consulenza e difesa penale. Sempre al vostro fianco in ogni sfida legale.\t\t\t<\/h2>\n\t\t<h6 class=\"qodef-m-subtitle\" style=\"margin-top: 55px\">\n\t\tSERVIZI CHE SVOLGIAMO \t<\/h6>\n\t\t<\/div>\n\t\t\t\t<\/div>\n\t\t\t\t<\/div>\n\t\t\t\t\t<\/div>\n\t\t<\/div>\n\t\t\t\t\t<\/div>\n\t\t<\/section>\n\t\t\t\t<div class=\"elementor-element elementor-element-6e0ca9c elementor-widget elementor-widget-text-editor\" data-id=\"6e0ca9c\" data-element_type=\"widget\" data-widget_type=\"text-editor.default\">\n\t\t\t\t<div class=\"elementor-widget-container\">\n\t\t\t\t\t\t\t\t\t<p>Lo studio \u00e8 specializzato nell\u2019assistenza e consulenza nella redazione di convenzioni <em>inter vivos<\/em>, quali contratti, intese preliminari, condizioni generali di contratto, moduli di adesione contrattuale, contratti associativi, statuti, regolamenti e atti unilaterali.<\/p><p>Pari assistenza e consulenza viene prestata nella preparazione e conservazione di schede testamentarie.\u00a0<\/p>\t\t\t\t\t\t\t\t<\/div>\n\t\t\t\t<\/div>\n\t\t\t\t\t<\/div>\n\t\t<\/div>\n\t\t\t\t\t<\/div>\n\t\t<\/section>\n\t\t<div class=\"elementor-element elementor-element-b08dfbb e-grid e-con-boxed e-con e-parent\" data-id=\"b08dfbb\" data-element_type=\"container\">\n\t\t\t\t\t<div class=\"e-con-inner\">\n\t\t\t\t<div class=\"elementor-element elementor-element-7170b73 elementor-widget__width-initial elementor-widget elementor-widget-halstein_core_section_title\" data-id=\"7170b73\" data-element_type=\"widget\" data-widget_type=\"halstein_core_section_title.default\">\n\t\t\t\t<div class=\"elementor-widget-container\">\n\t\t\t\t\t<div class=\"qodef-shortcode qodef-m  qodef-section-title qodef-alignment--left  \">\n\t\t\t<h2 class=\"qodef-m-title\" >\n\t\t\t\t\tAREE DI PRATICA \t\t\t<\/h2>\n\t\t\t<\/div>\n\t\t\t\t<\/div>\n\t\t\t\t<\/div>\n\t\t\t\t\t<\/div>\n\t\t\t\t<\/div>\n\t\t<div class=\"elementor-element elementor-element-dc64285 e-grid e-con-boxed e-con e-parent\" data-id=\"dc64285\" data-element_type=\"container\">\n\t\t\t\t\t<div class=\"e-con-inner\">\n\t\t\t\t<div class=\"elementor-element elementor-element-3520dd2 elementor-widget elementor-widget-text-editor\" data-id=\"3520dd2\" data-element_type=\"widget\" data-widget_type=\"text-editor.default\">\n\t\t\t\t<div class=\"elementor-widget-container\">\n\t\t\t\t\t\t\t\t\t<p>In ambito civile, il nostro Studio si occupa della difesa della propriet\u00e0 immobiliare, della tutela del credito di impresa e di quella delle molteplici posizioni giuridiche soggettive di genesi contrattuale.<\/p><p>Anche le questioni legate ai diritti della personalit\u00e0 e al diritto di famiglia rientrano nelle aree professionali trattate, ivi compresi procedimenti di separazione e scioglimento del matrimonio, con peculiari competenze in tema di tutela di minori con disabilit\u00e0 o persone svantaggiate. \u00a0\u00a0<\/p>\t\t\t\t\t\t\t\t<\/div>\n\t\t\t\t<\/div>\n\t\t\t\t<div class=\"elementor-element elementor-element-d338003 elementor-widget elementor-widget-text-editor\" data-id=\"d338003\" data-element_type=\"widget\" data-widget_type=\"text-editor.default\">\n\t\t\t\t<div class=\"elementor-widget-container\">\n\t\t\t\t\t\t\t\t\t<p>Attivit\u00e0 di consulenza ed assistenza nell\u2019approntare strumenti di protezione del patrimonio aziendale e familiare completano la proposta professionale del nostro studio nel predetto ambito.\u00a0 \u00a0\u00a0\u00a0<\/p><p>In area penale, infine, viene assicurata l\u2019assistenza sin dalle fasi di esordio dei procedimenti, con peculiare attenzione agli strumenti cautelari, in relazione alle delicate figure criminose in danno della persona, anche in ambito familiare, scolastico e lavorativo.<\/p><p>Del pari, vengono trattati tutti i risvolti penali della crisi di impresa, nonch\u00e9 le fattispecie delittuose lesive dell\u2019integrit\u00e0 patrimoniale, dell\u2019autonomia contrattuale e della correttezza del mercato del credito.<\/p>\t\t\t\t\t\t\t\t<\/div>\n\t\t\t\t<\/div>\n\t\t\t\t\t<\/div>\n\t\t\t\t<\/div>\n\t\t<div class=\"elementor-element elementor-element-fe1b779 e-flex e-con-boxed e-con e-parent\" data-id=\"fe1b779\" data-element_type=\"container\">\n\t\t\t\t\t<div class=\"e-con-inner\">\n\t\t\t\t<div class=\"elementor-element elementor-element-38c5284 elementor-widget elementor-widget-qi_addons_for_elementor_blog_list\" data-id=\"38c5284\" data-element_type=\"widget\" data-widget_type=\"qi_addons_for_elementor_blog_list.default\">\n\t\t\t\t<div class=\"elementor-widget-container\">\n\t\t\t\t\t<div class=\"qodef-shortcode qodef-m qodef-addons-blog-list qodef-info-no-icons qodef-image--hover-zoom qodef-qi-grid qodef-layout--qi-columns qodef-col-num--3 qodef-item-layout--boxed qodef-responsive--predefined\" >\n\t<div class=\"qodef-grid-inner\">\n\t\t<article class=\"qodef-e qodef-blog-item qodef-grid-item qodef-item--full post-10557 post type-post status-publish format-standard hentry category-blog\">\n\t<div class=\"qodef-e-inner\">\n\t\t<div class=\"qodef-e-media-holder\">\n\t\t\t<div class=\"qodef-e-media\">\n\t<\/div>\n<div itemprop=\"dateCreated\" class=\"qodef-e-info-item qodef-e-info-date entry-date \">\n\t<a itemprop=\"url\" href=\"https:\/\/studioffm.it\/index.php\/2024\/07\/\">\n\t\t23 Lug\t<\/a>\n<\/div>\n\t\t<\/div>\n\t\t<div class=\"qodef-e-content\">\n\t\t\t\t\t\t\t<div class=\"qodef-e-info qodef-info--top\">\n\t\t\t\t\t\t\t\t\t<\/div>\n\t\t\t\t\t\t<div class=\"qodef-e-text\">\n\t\t\t\t<h5 itemprop=\"name\" class=\"qodef-e-title entry-title\">\n\t<a itemprop=\"url\" class=\"qodef-e-title-link\" href=\"https:\/\/studioffm.it\/index.php\/2024\/07\/23\/il-diritto-di-recesso-nei-contratti-di-consumo-tutela-del-consumatore-e-limiti-per-il-venditore\/\">\n\t\tIl Diritto di Recesso nei Contratti di Consumo: Tutela del Consumatore e Limiti per il Venditore\t<\/a>\n<\/h5>\n\t\t<p itemprop=\"description\" class=\"qodef-e-excerpt\">\n\t\t\tDiritto di Recesso: Il diritto di recesso consente ai consumatori di annullare un contratto entro un certo periodo senza doverne specificare il motivo. Questo diritto \u00e8 particolar\t\t<\/p>\n\t\t\t\t<\/div>\n\t\t\t\t\t\t\t<div class=\"qodef-e-info qodef-info--bottom\">\n\t\t\t\t\t\t<div class=\"qodef-e-read-more\">\n\t\t<a class=\"qodef-shortcode qodef-m qodef-qi-button qodef-html--link qodef-layout--filled qodef-type--standard qodef-icon--right qodef-hover--icon-move-horizontal-short\" href=\"https:\/\/studioffm.it\/index.php\/2024\/07\/23\/il-diritto-di-recesso-nei-contratti-di-consumo-tutela-del-consumatore-e-limiti-per-il-venditore\/\" target=\"_self\">\t<span class=\"qodef-m-text\">leggi tutto<\/span>\t<\/a>\t<\/div>\n\t\t\t\t<\/div>\n\t\t\t\t\t<\/div>\n\t<\/div>\n<\/article>\n<article class=\"qodef-e qodef-blog-item qodef-grid-item qodef-item--full post-10555 post type-post status-publish format-standard hentry category-blog\">\n\t<div class=\"qodef-e-inner\">\n\t\t<div class=\"qodef-e-media-holder\">\n\t\t\t<div class=\"qodef-e-media\">\n\t<\/div>\n<div itemprop=\"dateCreated\" class=\"qodef-e-info-item qodef-e-info-date entry-date \">\n\t<a itemprop=\"url\" href=\"https:\/\/studioffm.it\/index.php\/2024\/07\/\">\n\t\t23 Lug\t<\/a>\n<\/div>\n\t\t<\/div>\n\t\t<div class=\"qodef-e-content\">\n\t\t\t\t\t\t\t<div class=\"qodef-e-info qodef-info--top\">\n\t\t\t\t\t\t\t\t\t<\/div>\n\t\t\t\t\t\t<div class=\"qodef-e-text\">\n\t\t\t\t<h5 itemprop=\"name\" class=\"qodef-e-title entry-title\">\n\t<a itemprop=\"url\" class=\"qodef-e-title-link\" href=\"https:\/\/studioffm.it\/index.php\/2024\/07\/23\/la-responsabilita-civile-del-medico-errori-risarcimenti-e-prospettive\/\">\n\t\tLa Responsabilit\u00e0 Civile del Medico: Errori, Risarcimenti e Prospettive\t<\/a>\n<\/h5>\n\t\t<p itemprop=\"description\" class=\"qodef-e-excerpt\">\n\t\t\tIntroduzione: La responsabilit\u00e0 civile del medico \u00e8 un tema cruciale nel diritto sanitario. Quando un paziente subisce danni a causa di un errore medico, il medico pu\u00f2 essere ch\t\t<\/p>\n\t\t\t\t<\/div>\n\t\t\t\t\t\t\t<div class=\"qodef-e-info qodef-info--bottom\">\n\t\t\t\t\t\t<div class=\"qodef-e-read-more\">\n\t\t<a class=\"qodef-shortcode qodef-m qodef-qi-button qodef-html--link qodef-layout--filled qodef-type--standard qodef-icon--right qodef-hover--icon-move-horizontal-short\" href=\"https:\/\/studioffm.it\/index.php\/2024\/07\/23\/la-responsabilita-civile-del-medico-errori-risarcimenti-e-prospettive\/\" target=\"_self\">\t<span class=\"qodef-m-text\">leggi tutto<\/span>\t<\/a>\t<\/div>\n\t\t\t\t<\/div>\n\t\t\t\t\t<\/div>\n\t<\/div>\n<\/article>\n<article class=\"qodef-e qodef-blog-item qodef-grid-item qodef-item--full post-10552 post type-post status-publish format-standard hentry category-blog\">\n\t<div class=\"qodef-e-inner\">\n\t\t<div class=\"qodef-e-media-holder\">\n\t\t\t<div class=\"qodef-e-media\">\n\t<\/div>\n<div itemprop=\"dateCreated\" class=\"qodef-e-info-item qodef-e-info-date entry-date \">\n\t<a itemprop=\"url\" href=\"https:\/\/studioffm.it\/index.php\/2024\/07\/\">\n\t\t23 Lug\t<\/a>\n<\/div>\n\t\t<\/div>\n\t\t<div class=\"qodef-e-content\">\n\t\t\t\t\t\t\t<div class=\"qodef-e-info qodef-info--top\">\n\t\t\t\t\t\t\t\t\t<\/div>\n\t\t\t\t\t\t<div class=\"qodef-e-text\">\n\t\t\t\t<h5 itemprop=\"name\" class=\"qodef-e-title entry-title\">\n\t<a itemprop=\"url\" class=\"qodef-e-title-link\" href=\"https:\/\/studioffm.it\/index.php\/2024\/07\/23\/la-rivoluzione-del-pignoramento-presso-terzi-le-nuove-disposizioni-della-riforma-cartabia\/\">\n\t\tLa Rivoluzione del Pignoramento Presso Terzi: Le Nuove Disposizioni della Riforma Cartabia\t<\/a>\n<\/h5>\n\t\t<p itemprop=\"description\" class=\"qodef-e-excerpt\">\n\t\t\tA poco meno di un anno dalla entrata in vigore della riforma delle procedure civili, meglio conosciuta anche come \u201cRiforma Cartabia\u201d, il codice di rito viene ulteriormente rito\t\t<\/p>\n\t\t\t\t<\/div>\n\t\t\t\t\t\t\t<div class=\"qodef-e-info qodef-info--bottom\">\n\t\t\t\t\t\t<div class=\"qodef-e-read-more\">\n\t\t<a class=\"qodef-shortcode qodef-m qodef-qi-button qodef-html--link qodef-layout--filled qodef-type--standard qodef-icon--right qodef-hover--icon-move-horizontal-short\" href=\"https:\/\/studioffm.it\/index.php\/2024\/07\/23\/la-rivoluzione-del-pignoramento-presso-terzi-le-nuove-disposizioni-della-riforma-cartabia\/\" target=\"_self\">\t<span class=\"qodef-m-text\">leggi tutto<\/span>\t<\/a>\t<\/div>\n\t\t\t\t<\/div>\n\t\t\t\t\t<\/div>\n\t<\/div>\n<\/article>\n\t<\/div>\n\t<\/div>\n\t\t\t\t<\/div>\n\t\t\t\t<\/div>\n\t\t\t\t\t<\/div>\n\t\t\t\t<\/div>\n\t\t\t\t<\/div>","protected":false},"excerpt":{"rendered":"<p>Proteggiamo la tua propriet\u00e0, la tua impresa, il credito e i diritti familiari. Assicuriamo la consulenza e difesa penale. Sempre al vostro fianco in ogni sfida legale. SERVIZI CHE SVOLGIAMO Lo studio \u00e8 specializzato nell\u2019assistenza e consulenza nella redazione di convenzioni inter vivos, quali contratti, intese preliminari, condizioni generali di contratto, moduli di adesione contrattuale, [&hellip;]<\/p>\n","protected":false},"author":1,"featured_media":0,"parent":0,"menu_order":0,"comment_status":"closed","ping_status":"closed","template":"page-full-width.php","meta":{"footnotes":""},"class_list":["post-10325","page","type-page","status-publish","hentry"],"yoast_head":"<!-- This site is optimized with the Yoast SEO plugin v25.6 - https:\/\/yoast.com\/wordpress\/plugins\/seo\/ -->\n<title>Servizi - Studio Legale Trevi<\/title>\n<meta name=\"robots\" content=\"index, follow, max-snippet:-1, max-image-preview:large, max-video-preview:-1\" \/>\n<link rel=\"canonical\" href=\"https:\/\/studioffm.it\/index.php\/servizi\/\" \/>\n<meta property=\"og:locale\" content=\"it_IT\" \/>\n<meta property=\"og:type\" content=\"article\" \/>\n<meta property=\"og:title\" content=\"Servizi - Studio Legale Trevi\" \/>\n<meta property=\"og:description\" content=\"Proteggiamo la tua propriet\u00e0, la tua impresa, il credito e i diritti familiari. Assicuriamo la consulenza e difesa penale. Sempre al vostro fianco in ogni sfida legale. SERVIZI CHE SVOLGIAMO Lo studio \u00e8 specializzato nell\u2019assistenza e consulenza nella redazione di convenzioni inter vivos, quali contratti, intese preliminari, condizioni generali di contratto, moduli di adesione contrattuale, [&hellip;]\" \/>\n<meta property=\"og:url\" content=\"https:\/\/studioffm.it\/index.php\/servizi\/\" \/>\n<meta property=\"og:site_name\" content=\"Studio Legale Trevi\" \/>\n<meta property=\"article:modified_time\" content=\"2024-10-24T15:16:47+00:00\" \/>\n<meta property=\"og:image\" content=\"https:\/\/studioffm.it\/wp-content\/uploads\/2021\/10\/h1-img-014.png\" \/>\n<meta name=\"twitter:card\" content=\"summary_large_image\" \/>\n<meta name=\"twitter:label1\" content=\"Tempo di lettura stimato\" \/>\n\t<meta name=\"twitter:data1\" content=\"3 minuti\" \/>\n<script type=\"application\/ld+json\" class=\"yoast-schema-graph\">{\"@context\":\"https:\/\/schema.org\",\"@graph\":[{\"@type\":\"WebPage\",\"@id\":\"https:\/\/studioffm.it\/index.php\/servizi\/\",\"url\":\"https:\/\/studioffm.it\/index.php\/servizi\/\",\"name\":\"Servizi - Studio Legale Trevi\",\"isPartOf\":{\"@id\":\"https:\/\/studioffm.it\/#website\"},\"primaryImageOfPage\":{\"@id\":\"https:\/\/studioffm.it\/index.php\/servizi\/#primaryimage\"},\"image\":{\"@id\":\"https:\/\/studioffm.it\/index.php\/servizi\/#primaryimage\"},\"thumbnailUrl\":\"https:\/\/studioffm.it\/wp-content\/uploads\/2021\/10\/h1-img-014.png\",\"datePublished\":\"2024-05-15T08:26:36+00:00\",\"dateModified\":\"2024-10-24T15:16:47+00:00\",\"breadcrumb\":{\"@id\":\"https:\/\/studioffm.it\/index.php\/servizi\/#breadcrumb\"},\"inLanguage\":\"it-IT\",\"potentialAction\":[{\"@type\":\"ReadAction\",\"target\":[\"https:\/\/studioffm.it\/index.php\/servizi\/\"]}]},{\"@type\":\"ImageObject\",\"inLanguage\":\"it-IT\",\"@id\":\"https:\/\/studioffm.it\/index.php\/servizi\/#primaryimage\",\"url\":\"https:\/\/studioffm.it\/wp-content\/uploads\/2021\/10\/h1-img-014.png\",\"contentUrl\":\"https:\/\/studioffm.it\/wp-content\/uploads\/2021\/10\/h1-img-014.png\",\"width\":1,\"height\":290,\"caption\":\"t\"},{\"@type\":\"BreadcrumbList\",\"@id\":\"https:\/\/studioffm.it\/index.php\/servizi\/#breadcrumb\",\"itemListElement\":[{\"@type\":\"ListItem\",\"position\":1,\"name\":\"Home\",\"item\":\"https:\/\/studioffm.it\/\"},{\"@type\":\"ListItem\",\"position\":2,\"name\":\"Servizi\"}]},{\"@type\":\"WebSite\",\"@id\":\"https:\/\/studioffm.it\/#website\",\"url\":\"https:\/\/studioffm.it\/\",\"name\":\"Studio Legale Trevi\",\"description\":\"\",\"potentialAction\":[{\"@type\":\"SearchAction\",\"target\":{\"@type\":\"EntryPoint\",\"urlTemplate\":\"https:\/\/studioffm.it\/?s={search_term_string}\"},\"query-input\":{\"@type\":\"PropertyValueSpecification\",\"valueRequired\":true,\"valueName\":\"search_term_string\"}}],\"inLanguage\":\"it-IT\"}]}<\/script>\n<!-- \/ Yoast SEO plugin. -->","yoast_head_json":{"title":"Servizi - Studio Legale Trevi","robots":{"index":"index","follow":"follow","max-snippet":"max-snippet:-1","max-image-preview":"max-image-preview:large","max-video-preview":"max-video-preview:-1"},"canonical":"https:\/\/studioffm.it\/index.php\/servizi\/","og_locale":"it_IT","og_type":"article","og_title":"Servizi - Studio Legale Trevi","og_description":"Proteggiamo la tua propriet\u00e0, la tua impresa, il credito e i diritti familiari. Assicuriamo la consulenza e difesa penale. Sempre al vostro fianco in ogni sfida legale. SERVIZI CHE SVOLGIAMO Lo studio \u00e8 specializzato nell\u2019assistenza e consulenza nella redazione di convenzioni inter vivos, quali contratti, intese preliminari, condizioni generali di contratto, moduli di adesione contrattuale, [&hellip;]","og_url":"https:\/\/studioffm.it\/index.php\/servizi\/","og_site_name":"Studio Legale Trevi","article_modified_time":"2024-10-24T15:16:47+00:00","og_image":[{"url":"https:\/\/studioffm.it\/wp-content\/uploads\/2021\/10\/h1-img-014.png","type":"","width":"","height":""}],"twitter_card":"summary_large_image","twitter_misc":{"Tempo di lettura stimato":"3 minuti"},"schema":{"@context":"https:\/\/schema.org","@graph":[{"@type":"WebPage","@id":"https:\/\/studioffm.it\/index.php\/servizi\/","url":"https:\/\/studioffm.it\/index.php\/servizi\/","name":"Servizi - Studio Legale Trevi","isPartOf":{"@id":"https:\/\/studioffm.it\/#website"},"primaryImageOfPage":{"@id":"https:\/\/studioffm.it\/index.php\/servizi\/#primaryimage"},"image":{"@id":"https:\/\/studioffm.it\/index.php\/servizi\/#primaryimage"},"thumbnailUrl":"https:\/\/studioffm.it\/wp-content\/uploads\/2021\/10\/h1-img-014.png","datePublished":"2024-05-15T08:26:36+00:00","dateModified":"2024-10-24T15:16:47+00:00","breadcrumb":{"@id":"https:\/\/studioffm.it\/index.php\/servizi\/#breadcrumb"},"inLanguage":"it-IT","potentialAction":[{"@type":"ReadAction","target":["https:\/\/studioffm.it\/index.php\/servizi\/"]}]},{"@type":"ImageObject","inLanguage":"it-IT","@id":"https:\/\/studioffm.it\/index.php\/servizi\/#primaryimage","url":"https:\/\/studioffm.it\/wp-content\/uploads\/2021\/10\/h1-img-014.png","contentUrl":"https:\/\/studioffm.it\/wp-content\/uploads\/2021\/10\/h1-img-014.png","width":1,"height":290,"caption":"t"},{"@type":"BreadcrumbList","@id":"https:\/\/studioffm.it\/index.php\/servizi\/#breadcrumb","itemListElement":[{"@type":"ListItem","position":1,"name":"Home","item":"https:\/\/studioffm.it\/"},{"@type":"ListItem","position":2,"name":"Servizi"}]},{"@type":"WebSite","@id":"https:\/\/studioffm.it\/#website","url":"https:\/\/studioffm.it\/","name":"Studio Legale Trevi","description":"","potentialAction":[{"@type":"SearchAction","target":{"@type":"EntryPoint","urlTemplate":"https:\/\/studioffm.it\/?s={search_term_string}"},"query-input":{"@type":"PropertyValueSpecification","valueRequired":true,"valueName":"search_term_string"}}],"inLanguage":"it-IT"}]}},"_links":{"self":[{"href":"https:\/\/studioffm.it\/index.php\/wp-json\/wp\/v2\/pages\/10325","targetHints":{"allow":["GET"]}}],"collection":[{"href":"https:\/\/studioffm.it\/index.php\/wp-json\/wp\/v2\/pages"}],"about":[{"href":"https:\/\/studioffm.it\/index.php\/wp-json\/wp\/v2\/types\/page"}],"author":[{"embeddable":true,"href":"https:\/\/studioffm.it\/index.php\/wp-json\/wp\/v2\/users\/1"}],"replies":[{"embeddable":true,"href":"https:\/\/studioffm.it\/index.php\/wp-json\/wp\/v2\/comments?post=10325"}],"version-history":[{"count":17,"href":"https:\/\/studioffm.it\/index.php\/wp-json\/wp\/v2\/pages\/10325\/revisions"}],"predecessor-version":[{"id":10625,"href":"https:\/\/studioffm.it\/index.php\/wp-json\/wp\/v2\/pages\/10325\/revisions\/10625"}],"wp:attachment":[{"href":"https:\/\/studioffm.it\/index.php\/wp-json\/wp\/v2\/media?parent=10325"}],"curies":[{"name":"wp","href":"https:\/\/api.w.org\/{rel}","templated":true}]}}